{"id":1441,"date":"2024-09-13T15:14:02","date_gmt":"2024-09-13T15:14:02","guid":{"rendered":"https:\/\/immedex.com\/product\/medical-report-children\/"},"modified":"2026-05-04T22:11:59","modified_gmt":"2026-05-04T22:11:59","slug":"medical-report-children","status":"publish","type":"product","link":"https:\/\/immedex.com\/fr\/produit\/medical-report-children\/","title":{"rendered":"Rapport m\u00e9dical pour enfants"},"content":{"rendered":"","protected":false},"excerpt":{"rendered":"","protected":false},"featured_media":1442,"template":"","meta":{"_et_pb_use_builder":"","_et_pb_old_content":"","_et_gb_content_width":"","inline_featured_image":false},"product_brand":[],"product_cat":[35],"product_tag":[],"class_list":{"0":"post-1441","1":"product","2":"type-product","3":"status-publish","4":"has-post-thumbnail","6":"product_cat-non-classe","8":"first","9":"instock","10":"virtual","11":"purchasable","12":"product-type-simple"},"yoast_head":"<!-- This site is optimized with the Yoast SEO plugin v27.5 - https:\/\/yoast.com\/product\/yoast-seo-wordpress\/ -->\n<title>Rapport m\u00e9dical pour enfants - GTA Immigration Medical Exam Center<\/title>\n<meta name=\"description\" content=\"Achetez un rapport m\u00e9dical pour enfants de fa\u00e7on simple et s\u00e9curis\u00e9e sur IMMEDEX. Simplifiez les exigences li\u00e9es \u00e0 l\u2019examen m\u00e9dical de votre enfant. Commandez maintenant !\" \/>\n<meta name=\"robots\" content=\"index, follow, max-snippet:-1, max-image-preview:large, max-video-preview:-1\" \/>\n<link rel=\"canonical\" href=\"https:\/\/immedex.com\/fr\/produit\/medical-report-children\/\" \/>\n<meta property=\"og:locale\" content=\"fr_FR\" \/>\n<meta property=\"og:type\" content=\"article\" \/>\n<meta property=\"og:title\" content=\"Rapport m\u00e9dical pour enfants - GTA Immigration Medical Exam Center\" \/>\n<meta property=\"og:description\" content=\"Achetez un rapport m\u00e9dical pour enfants de fa\u00e7on simple et s\u00e9curis\u00e9e sur IMMEDEX. Simplifiez les exigences li\u00e9es \u00e0 l\u2019examen m\u00e9dical de votre enfant. Commandez maintenant !\" \/>\n<meta property=\"og:url\" content=\"https:\/\/immedex.com\/fr\/produit\/medical-report-children\/\" \/>\n<meta property=\"og:site_name\" content=\"GTA Immigration Medical Exam Center\" \/>\n<meta property=\"article:modified_time\" content=\"2026-05-04T22:11:59+00:00\" \/>\n<meta property=\"og:image\" content=\"https:\/\/immedex.com\/wp-content\/uploads\/2024\/08\/ages-under-14.webp\" \/>\n\t<meta property=\"og:image:width\" content=\"276\" \/>\n\t<meta property=\"og:image:height\" content=\"220\" \/>\n\t<meta property=\"og:image:type\" content=\"image\/webp\" \/>\n<meta name=\"twitter:card\" content=\"summary_large_image\" \/>\n<meta name=\"twitter:label1\" content=\"Est. reading time\" \/>\n\t<meta name=\"twitter:data1\" content=\"1 minute\" \/>\n<script type=\"application\/ld+json\" class=\"yoast-schema-graph\">{\"@context\":\"https:\\\/\\\/schema.org\",\"@graph\":[{\"@type\":\"WebPage\",\"@id\":\"https:\\\/\\\/immedex.com\\\/fr\\\/produit\\\/medical-report-children\\\/\",\"url\":\"https:\\\/\\\/immedex.com\\\/fr\\\/produit\\\/medical-report-children\\\/\",\"name\":\"Rapport m\u00e9dical pour enfants - GTA Immigration Medical Exam Center\",\"isPartOf\":{\"@id\":\"https:\\\/\\\/immedex.com\\\/fr\\\/#website\"},\"primaryImageOfPage\":{\"@id\":\"https:\\\/\\\/immedex.com\\\/fr\\\/produit\\\/medical-report-children\\\/#primaryimage\"},\"image\":{\"@id\":\"https:\\\/\\\/immedex.com\\\/fr\\\/produit\\\/medical-report-children\\\/#primaryimage\"},\"thumbnailUrl\":\"https:\\\/\\\/immedex.com\\\/wp-content\\\/uploads\\\/2024\\\/08\\\/ages-under-14.webp\",\"datePublished\":\"2024-09-13T15:14:02+00:00\",\"dateModified\":\"2026-05-04T22:11:59+00:00\",\"description\":\"Achetez un rapport m\u00e9dical pour enfants de fa\u00e7on simple et s\u00e9curis\u00e9e sur IMMEDEX. Simplifiez les exigences li\u00e9es \u00e0 l\u2019examen m\u00e9dical de votre enfant. Commandez maintenant !\",\"breadcrumb\":{\"@id\":\"https:\\\/\\\/immedex.com\\\/fr\\\/produit\\\/medical-report-children\\\/#breadcrumb\"},\"inLanguage\":\"fr-FR\",\"potentialAction\":[{\"@type\":\"ReadAction\",\"target\":[\"https:\\\/\\\/immedex.com\\\/fr\\\/produit\\\/medical-report-children\\\/\"]}]},{\"@type\":\"ImageObject\",\"inLanguage\":\"fr-FR\",\"@id\":\"https:\\\/\\\/immedex.com\\\/fr\\\/produit\\\/medical-report-children\\\/#primaryimage\",\"url\":\"https:\\\/\\\/immedex.com\\\/wp-content\\\/uploads\\\/2024\\\/08\\\/ages-under-14.webp\",\"contentUrl\":\"https:\\\/\\\/immedex.com\\\/wp-content\\\/uploads\\\/2024\\\/08\\\/ages-under-14.webp\",\"width\":276,\"height\":220,\"caption\":\"b\u00e9b\u00e9 immigrant endormi\"},{\"@type\":\"BreadcrumbList\",\"@id\":\"https:\\\/\\\/immedex.com\\\/fr\\\/produit\\\/medical-report-children\\\/#breadcrumb\",\"itemListElement\":[{\"@type\":\"ListItem\",\"position\":1,\"name\":\"Home\",\"item\":\"https:\\\/\\\/immedex.com\\\/fr\\\/\"},{\"@type\":\"ListItem\",\"position\":2,\"name\":\"Boutique\",\"item\":\"https:\\\/\\\/immedex.com\\\/fr\\\/boutique\\\/\"},{\"@type\":\"ListItem\",\"position\":3,\"name\":\"Rapport m\u00e9dical pour enfants\"}]},{\"@type\":\"WebSite\",\"@id\":\"https:\\\/\\\/immedex.com\\\/fr\\\/#website\",\"url\":\"https:\\\/\\\/immedex.com\\\/fr\\\/\",\"name\":\"GTA Immigration Medical Exam Center\",\"description\":\"Immigration Medical Exam Center base in Canada\",\"publisher\":{\"@id\":\"https:\\\/\\\/immedex.com\\\/fr\\\/#organization\"},\"potentialAction\":[{\"@type\":\"SearchAction\",\"target\":{\"@type\":\"EntryPoint\",\"urlTemplate\":\"https:\\\/\\\/immedex.com\\\/fr\\\/?s={search_term_string}\"},\"query-input\":{\"@type\":\"PropertyValueSpecification\",\"valueRequired\":true,\"valueName\":\"search_term_string\"}}],\"inLanguage\":\"fr-FR\"},{\"@type\":\"Organization\",\"@id\":\"https:\\\/\\\/immedex.com\\\/fr\\\/#organization\",\"name\":\"GTA Immigration Medical Exam Center\",\"url\":\"https:\\\/\\\/immedex.com\\\/fr\\\/\",\"logo\":{\"@type\":\"ImageObject\",\"inLanguage\":\"fr-FR\",\"@id\":\"https:\\\/\\\/immedex.com\\\/fr\\\/#\\\/schema\\\/logo\\\/image\\\/\",\"url\":\"https:\\\/\\\/immedex.com\\\/wp-content\\\/uploads\\\/2024\\\/08\\\/immedex-logo.png\",\"contentUrl\":\"https:\\\/\\\/immedex.com\\\/wp-content\\\/uploads\\\/2024\\\/08\\\/immedex-logo.png\",\"width\":211,\"height\":66,\"caption\":\"GTA Immigration Medical Exam Center\"},\"image\":{\"@id\":\"https:\\\/\\\/immedex.com\\\/fr\\\/#\\\/schema\\\/logo\\\/image\\\/\"}}]}<\/script>\n<!-- \/ Yoast SEO plugin. -->","yoast_head_json":{"title":"Rapport m\u00e9dical pour enfants - GTA Immigration Medical Exam Center","description":"Achetez un rapport m\u00e9dical pour enfants de fa\u00e7on simple et s\u00e9curis\u00e9e sur IMMEDEX. Simplifiez les exigences li\u00e9es \u00e0 l\u2019examen m\u00e9dical de votre enfant. Commandez maintenant !","robots":{"index":"index","follow":"follow","max-snippet":"max-snippet:-1","max-image-preview":"max-image-preview:large","max-video-preview":"max-video-preview:-1"},"canonical":"https:\/\/immedex.com\/fr\/produit\/medical-report-children\/","og_locale":"fr_FR","og_type":"article","og_title":"Rapport m\u00e9dical pour enfants - GTA Immigration Medical Exam Center","og_description":"Achetez un rapport m\u00e9dical pour enfants de fa\u00e7on simple et s\u00e9curis\u00e9e sur IMMEDEX. Simplifiez les exigences li\u00e9es \u00e0 l\u2019examen m\u00e9dical de votre enfant. Commandez maintenant !","og_url":"https:\/\/immedex.com\/fr\/produit\/medical-report-children\/","og_site_name":"GTA Immigration Medical Exam Center","article_modified_time":"2026-05-04T22:11:59+00:00","og_image":[{"width":276,"height":220,"url":"https:\/\/immedex.com\/wp-content\/uploads\/2024\/08\/ages-under-14.webp","type":"image\/webp"}],"twitter_card":"summary_large_image","twitter_misc":{"Est. reading time":"1 minute"},"schema":{"@context":"https:\/\/schema.org","@graph":[{"@type":"WebPage","@id":"https:\/\/immedex.com\/fr\/produit\/medical-report-children\/","url":"https:\/\/immedex.com\/fr\/produit\/medical-report-children\/","name":"Rapport m\u00e9dical pour enfants - GTA Immigration Medical Exam Center","isPartOf":{"@id":"https:\/\/immedex.com\/fr\/#website"},"primaryImageOfPage":{"@id":"https:\/\/immedex.com\/fr\/produit\/medical-report-children\/#primaryimage"},"image":{"@id":"https:\/\/immedex.com\/fr\/produit\/medical-report-children\/#primaryimage"},"thumbnailUrl":"https:\/\/immedex.com\/wp-content\/uploads\/2024\/08\/ages-under-14.webp","datePublished":"2024-09-13T15:14:02+00:00","dateModified":"2026-05-04T22:11:59+00:00","description":"Achetez un rapport m\u00e9dical pour enfants de fa\u00e7on simple et s\u00e9curis\u00e9e sur IMMEDEX. Simplifiez les exigences li\u00e9es \u00e0 l\u2019examen m\u00e9dical de votre enfant. Commandez maintenant !","breadcrumb":{"@id":"https:\/\/immedex.com\/fr\/produit\/medical-report-children\/#breadcrumb"},"inLanguage":"fr-FR","potentialAction":[{"@type":"ReadAction","target":["https:\/\/immedex.com\/fr\/produit\/medical-report-children\/"]}]},{"@type":"ImageObject","inLanguage":"fr-FR","@id":"https:\/\/immedex.com\/fr\/produit\/medical-report-children\/#primaryimage","url":"https:\/\/immedex.com\/wp-content\/uploads\/2024\/08\/ages-under-14.webp","contentUrl":"https:\/\/immedex.com\/wp-content\/uploads\/2024\/08\/ages-under-14.webp","width":276,"height":220,"caption":"b\u00e9b\u00e9 immigrant endormi"},{"@type":"BreadcrumbList","@id":"https:\/\/immedex.com\/fr\/produit\/medical-report-children\/#breadcrumb","itemListElement":[{"@type":"ListItem","position":1,"name":"Home","item":"https:\/\/immedex.com\/fr\/"},{"@type":"ListItem","position":2,"name":"Boutique","item":"https:\/\/immedex.com\/fr\/boutique\/"},{"@type":"ListItem","position":3,"name":"Rapport m\u00e9dical pour enfants"}]},{"@type":"WebSite","@id":"https:\/\/immedex.com\/fr\/#website","url":"https:\/\/immedex.com\/fr\/","name":"GTA Immigration Medical Exam Center","description":"Immigration Medical Exam Center base in Canada","publisher":{"@id":"https:\/\/immedex.com\/fr\/#organization"},"potentialAction":[{"@type":"SearchAction","target":{"@type":"EntryPoint","urlTemplate":"https:\/\/immedex.com\/fr\/?s={search_term_string}"},"query-input":{"@type":"PropertyValueSpecification","valueRequired":true,"valueName":"search_term_string"}}],"inLanguage":"fr-FR"},{"@type":"Organization","@id":"https:\/\/immedex.com\/fr\/#organization","name":"GTA Immigration Medical Exam Center","url":"https:\/\/immedex.com\/fr\/","logo":{"@type":"ImageObject","inLanguage":"fr-FR","@id":"https:\/\/immedex.com\/fr\/#\/schema\/logo\/image\/","url":"https:\/\/immedex.com\/wp-content\/uploads\/2024\/08\/immedex-logo.png","contentUrl":"https:\/\/immedex.com\/wp-content\/uploads\/2024\/08\/immedex-logo.png","width":211,"height":66,"caption":"GTA Immigration Medical Exam Center"},"image":{"@id":"https:\/\/immedex.com\/fr\/#\/schema\/logo\/image\/"}}]}},"_links":{"self":[{"href":"https:\/\/immedex.com\/fr\/wp-json\/wp\/v2\/product\/1441","targetHints":{"allow":["GET"]}}],"collection":[{"href":"https:\/\/immedex.com\/fr\/wp-json\/wp\/v2\/product"}],"about":[{"href":"https:\/\/immedex.com\/fr\/wp-json\/wp\/v2\/types\/product"}],"wp:featuredmedia":[{"embeddable":true,"href":"https:\/\/immedex.com\/fr\/wp-json\/wp\/v2\/media\/1442"}],"wp:attachment":[{"href":"https:\/\/immedex.com\/fr\/wp-json\/wp\/v2\/media?parent=1441"}],"wp:term":[{"taxonomy":"product_brand","embeddable":true,"href":"https:\/\/immedex.com\/fr\/wp-json\/wp\/v2\/product_brand?post=1441"},{"taxonomy":"product_cat","embeddable":true,"href":"https:\/\/immedex.com\/fr\/wp-json\/wp\/v2\/product_cat?post=1441"},{"taxonomy":"product_tag","embeddable":true,"href":"https:\/\/immedex.com\/fr\/wp-json\/wp\/v2\/product_tag?post=1441"}],"curies":[{"name":"wp","href":"https:\/\/api.w.org\/{rel}","templated":true}]}}